{"id":7258,"date":"2025-10-07T09:05:39","date_gmt":"2025-10-07T09:05:39","guid":{"rendered":"https:\/\/marie-eleonore-fotografie.com\/?page_id=7258"},"modified":"2025-10-07T09:11:26","modified_gmt":"2025-10-07T09:11:26","slug":"impressum","status":"publish","type":"page","link":"https:\/\/marie-eleonore-fotografie.com\/en\/impressum\/","title":{"rendered":"Legal Notice"},"content":{"rendered":"<p>[et_pb_section fb_built=&#8220;1&#8243; _builder_version=&#8220;4.23.1&#8243; _module_preset=&#8220;default&#8220; max_width=&#8220;1440px&#8220; module_alignment=&#8220;center&#8220; custom_padding=&#8220;0px|||||&#8220; global_colors_info=&#8220;{}&#8220;][et_pb_row _builder_version=&#8220;4.23.1&#8243; _module_preset=&#8220;default&#8220; max_width=&#8220;1440px&#8220; module_alignment=&#8220;center&#8220; global_colors_info=&#8220;{}&#8220;][et_pb_column type=&#8220;4_4&#8243; _builder_version=&#8220;4.23.1&#8243; _module_preset=&#8220;default&#8220; global_colors_info=&#8220;{}&#8220;][et_pb_text _builder_version=&#8220;4.27.4&#8243; _module_preset=&#8220;default&#8220; text_font=&#8220;Arima|300|||||||&#8220; text_text_color=&#8220;#383C1B&#8220; text_font_size=&#8220;45px&#8220; custom_margin=&#8220;79px||||false|false&#8220; global_colors_info=&#8220;{}&#8220;]<\/p>\n<p style=\"text-align: center;\">Legal Notice<\/p>\n<p>[\/et_pb_text][\/et_pb_column][\/et_pb_row][et_pb_row _builder_version=&#8220;4.23.1&#8243; _module_preset=&#8220;default&#8220; max_width=&#8220;1440px&#8220; module_alignment=&#8220;center&#8220; custom_margin=&#8220;35px|auto||auto||&#8220; global_colors_info=&#8220;{}&#8220;][et_pb_column type=&#8220;4_4&#8243; _builder_version=&#8220;4.23.1&#8243; _module_preset=&#8220;default&#8220; global_colors_info=&#8220;{}&#8220;][et_pb_text _builder_version=&#8220;4.27.4&#8243; _module_preset=&#8220;default&#8220; text_font=&#8220;Karla|300|||||||&#8220; text_text_color=&#8220;#383C1B&#8220; text_font_size=&#8220;18px&#8220; link_font=&#8220;||||on||||&#8220; link_text_color=&#8220;#383C1B&#8220; width=&#8220;90%&#8220; module_alignment=&#8220;center&#8220; global_colors_info=&#8220;{}&#8220;]<\/p>\n<p><strong>Legal Notice<\/strong><br \/>Information according to \u00a7 5 TMG (German Telemedia Act)<\/p>\n<p><strong>Marie Eleonore Richter<\/strong><br \/>Otto-Sendtner-Stra\u00dfe 10<br \/>80939 Munich<br \/>Germany<\/p>\n<p><strong>Contact<\/strong><br \/>E-Mail: <a href=\"mailto:hello@marie-eleonore-fotografie.com\">hello@marie-eleonore-fotografie.com<\/a><\/p>\n<p><strong>Responsible for the content according to \u00a7 55 (2) RStV:<\/strong><br \/>Marie Eleonore Richter<\/p>\n<p><strong>VAT ID:<\/strong><br \/>No VAT ID available (Small business owner under \u00a719 UStG)<\/p>\n<p><strong>Disclaimer:<\/strong><br \/>Despite careful content control, we assume no liability for the content of external links. The content of linked pages is the sole responsibility of their operators.<\/p>\n<p>\u2e3b<\/p>\n<p>[\/et_pb_text][\/et_pb_column][\/et_pb_row][\/et_pb_section]<\/p>","protected":false},"excerpt":{"rendered":"<p>ImpressumImpressumAngaben gem\u00e4\u00df \u00a7 5 TMG Marie Eleonore RichterOtto-Sendtner-Stra\u00dfe 1080939 M\u00fcnchenDeutschland KontaktE-Mail: hello@marie-eleonore-fotografie.com Verantwortlich f\u00fcr den Inhalt nach \u00a7 55 Abs. 2 RStV:Marie Eleonore Richter Umsatzsteuer-ID:Keine USt-ID vorhanden (Kleinunternehmerin gem\u00e4\u00df \u00a719 UStG) Haftungsausschluss:Trotz sorgf\u00e4ltiger inhaltlicher Kontrolle \u00fcbernehmen wir keine Haftung f\u00fcr die Inhalte externer Links. F\u00fcr den Inhalt der verlinkten Seiten sind ausschlie\u00dflich deren Betreiber verantwortlich. [&hellip;]<\/p>","protected":false},"author":5,"featured_media":0,"parent":0,"menu_order":0,"comment_status":"closed","ping_status":"closed","template":"","meta":{"_et_pb_use_builder":"on","_et_pb_old_content":"","_et_gb_content_width":"","footnotes":""},"class_list":["post-7258","page","type-page","status-publish","hentry"],"_links":{"self":[{"href":"https:\/\/marie-eleonore-fotografie.com\/en\/wp-json\/wp\/v2\/pages\/7258","targetHints":{"allow":["GET"]}}],"collection":[{"href":"https:\/\/marie-eleonore-fotografie.com\/en\/wp-json\/wp\/v2\/pages"}],"about":[{"href":"https:\/\/marie-eleonore-fotografie.com\/en\/wp-json\/wp\/v2\/types\/page"}],"author":[{"embeddable":true,"href":"https:\/\/marie-eleonore-fotografie.com\/en\/wp-json\/wp\/v2\/users\/5"}],"replies":[{"embeddable":true,"href":"https:\/\/marie-eleonore-fotografie.com\/en\/wp-json\/wp\/v2\/comments?post=7258"}],"version-history":[{"count":3,"href":"https:\/\/marie-eleonore-fotografie.com\/en\/wp-json\/wp\/v2\/pages\/7258\/revisions"}],"predecessor-version":[{"id":7263,"href":"https:\/\/marie-eleonore-fotografie.com\/en\/wp-json\/wp\/v2\/pages\/7258\/revisions\/7263"}],"wp:attachment":[{"href":"https:\/\/marie-eleonore-fotografie.com\/en\/wp-json\/wp\/v2\/media?parent=7258"}],"curies":[{"name":"wp","href":"https:\/\/api.w.org\/{rel}","templated":true}]}}