{"id":7269,"date":"2025-10-07T09:17:50","date_gmt":"2025-10-07T09:17:50","guid":{"rendered":"https:\/\/marie-eleonore-fotografie.com\/?page_id=7269"},"modified":"2025-10-07T10:12:14","modified_gmt":"2025-10-07T10:12:14","slug":"datenschutzerklaerung","status":"publish","type":"page","link":"https:\/\/marie-eleonore-fotografie.com\/en\/datenschutzerklaerung\/","title":{"rendered":"Privacy Policy"},"content":{"rendered":"<p>[et_pb_section fb_built=&#8220;1&#8243; _builder_version=&#8220;4.23.1&#8243; _module_preset=&#8220;default&#8220; max_width=&#8220;1440px&#8220; module_alignment=&#8220;center&#8220; custom_padding=&#8220;0px|||||&#8220; global_colors_info=&#8220;{}&#8220;][et_pb_row _builder_version=&#8220;4.23.1&#8243; _module_preset=&#8220;default&#8220; max_width=&#8220;1440px&#8220; module_alignment=&#8220;center&#8220; global_colors_info=&#8220;{}&#8220;][et_pb_column type=&#8220;4_4&#8243; _builder_version=&#8220;4.23.1&#8243; _module_preset=&#8220;default&#8220; global_colors_info=&#8220;{}&#8220;][et_pb_text _builder_version=&#8220;4.27.4&#8243; _module_preset=&#8220;default&#8220; text_font=&#8220;Arima|300|||||||&#8220; text_text_color=&#8220;#383C1B&#8220; text_font_size=&#8220;45px&#8220; custom_margin=&#8220;79px||||false|false&#8220; global_colors_info=&#8220;{}&#8220;]<\/p>\n<p style=\"text-align: center;\">Privacy Policy<\/p>\n<p>[\/et_pb_text][\/et_pb_column][\/et_pb_row][et_pb_row _builder_version=&#8220;4.23.1&#8243; _module_preset=&#8220;default&#8220; max_width=&#8220;1440px&#8220; module_alignment=&#8220;center&#8220; custom_margin=&#8220;35px|auto||auto||&#8220; global_colors_info=&#8220;{}&#8220;][et_pb_column type=&#8220;4_4&#8243; _builder_version=&#8220;4.23.1&#8243; _module_preset=&#8220;default&#8220; global_colors_info=&#8220;{}&#8220;][et_pb_text _builder_version=&#8220;4.27.4&#8243; _module_preset=&#8220;default&#8220; text_font=&#8220;Karla|300|||||||&#8220; text_text_color=&#8220;#383C1B&#8220; text_font_size=&#8220;18px&#8220; link_font=&#8220;||||on||||&#8220; link_text_color=&#8220;#383C1B&#8220; width=&#8220;90%&#8220; module_alignment=&#8220;center&#8220; hover_enabled=&#8220;0&#8243; global_colors_info=&#8220;{}&#8220; sticky_enabled=&#8220;0&#8243;]<\/p>\n<p class=\"p1\"><b>Privacy Policy<\/b><b><\/b><\/p>\n<p class=\"p3\">We take the protection of your personal data seriously. This privacy policy informs you about the type, scope, and purpose of the collection and use of personal data on this website in accordance with the General Data Protection Regulation (GDPR).<\/p>\n<p class=\"p2\">\n<h3><b>1. Responsible Entity<\/b><\/h3>\n<p class=\"p2\">\n<p class=\"p1\"><b>Marie Eleonore Richter<\/b><b><\/b><\/p>\n<p class=\"p3\">Otto-Sendtner-Stra\u00dfe 10<\/p>\n<p class=\"p3\">80939 Munich<\/p>\n<p class=\"p3\">Germany<\/p>\n<p class=\"p3\">E-Mail: hello@marie-eleonore-fotografie.com<\/p>\n<hr \/>\n<h3><b>2. Data Collection<\/b><\/h3>\n<p class=\"p2\">\n<p class=\"p3\">When you visit this website, no personal data is automatically stored, except for technically necessary cookies.<\/p>\n<p class=\"p2\">\n<p class=\"p3\">When using the contact form on this website, the following data may be collected and processed:<\/p>\n<ul>\n<li>\n<p class=\"p1\">Name<\/p>\n<\/li>\n<li>\n<p class=\"p1\">Email Address<\/p>\n<\/li>\n<li>\n<p class=\"p1\">Phone Number (Optional)<\/p>\n<\/li>\n<li>\n<p class=\"p1\">Message content<\/p>\n<\/li>\n<\/ul>\n<p class=\"p2\">\n<p class=\"p3\">This data is only used to process your inquiry.<\/p>\n<hr \/>\n<h3><b>3. Data Storage Duration<\/b><\/h3>\n<p class=\"p2\">\n<p class=\"p3\">The data submitted through the contact form is stored only as long as necessary to respond to your request.<\/p>\n<p class=\"p3\">If the inquiry results in a job or contract, the data may be stored for up to <span class=\"s2\"><b>12 months<\/b><\/span> for legal and tax documentation purposes.<\/p>\n<hr \/>\n<h3><b>4. Data Sharing<\/b><\/h3>\n<p class=\"p2\">\n<p class=\"p3\">Your data is <span class=\"s2\"><b>not shared with third parties.<\/b><\/span>Only the website owner has access to the submitted data.<\/p>\n<hr \/>\n<h3><b>5. Hosting<\/b><\/h3>\n<p class=\"p2\">\n<p class=\"p3\">This website is hosted by <span class=\"s2\"><b>All-Inkl<\/b><\/span> a hosting provider based in Germany. The server location is within the EU, and a Data Processing Agreement (DPA) is in place.<\/p>\n<hr \/>\n<h3><b>6. Use of Google Fonts<\/b><\/h3>\n<p class=\"p2\">\n<p class=\"p3\">This website uses Google Fonts for consistent font display. The fonts are loaded locally from the server, and no connection to Google servers is established. <span class=\"s2\"><b>Google Fonts<\/b><\/span> verwendet. Diese werden lokal auf dem Server geladen. Es findet <span class=\"s2\"><b>keine Verbindung zu Google-Servern<\/b><\/span> statt.<\/p>\n<hr \/>\n<h3><b>7. Cookies<\/b><\/h3>\n<p class=\"p2\">\n<p class=\"p3\">This website currently does not use tracking or marketing cookies. Only <span class=\"s2\"><b>technically necessary cookies<\/b><\/span> are used, which do not collect personal data.<\/p>\n<p class=\"p3\">\n<hr \/>\n<h3><b>8.  Your Rights (Under GDPR)<\/b><\/h3>\n<p class=\"p2\">\n<p class=\"p3\">As a data subject, you have the right to:<\/p>\n<ul>\n<li>\n<p class=\"p1\">Request information about your stored data (Art. 15 GDPR)<\/p>\n<\/li>\n<li>\n<p class=\"p1\">Request correction of incorrect data (Art. 16 GDPR)<\/p>\n<\/li>\n<li>\n<p class=\"p1\">Request deletion of your data (Art. 17 GDPR)<\/p>\n<\/li>\n<li>\n<p class=\"p1\">Request restriction of processing (Art. 18 GDPR)<\/p>\n<\/li>\n<li>\n<p class=\"p1\">Data portability (Art. 20 GDPR)<\/p>\n<\/li>\n<li>\n<p class=\"p1\">Object to data processing (Art. 21 GDPR)<\/p>\n<\/li>\n<\/ul>\n<p class=\"p2\">\n<p class=\"p3\">To exercise these rights, please contact us at: hello@marie-eleonore-fotografie.com<\/p>\n<hr \/>\n<p>[\/et_pb_text][\/et_pb_column][\/et_pb_row][\/et_pb_section]<\/p>","protected":false},"excerpt":{"rendered":"<p>Datenschutzerkl\u00e4rungDatenschutzerkl\u00e4rung Diese Datenschutzerkl\u00e4rung kl\u00e4rt dich \u00fcber die Art, den Umfang und Zweck der Verarbeitung von personenbezogenen Daten (nachfolgend kurz \u201eDaten\u201c) innerhalb unseres Onlineangebots auf. Wir nehmen den Schutz deiner Daten sehr ernst und behandeln sie vertraulich und entsprechend den gesetzlichen Vorschriften. 1. Verantwortliche Stelle Marie Eleonore Richter Otto-Sendtner-Stra\u00dfe 10 80939 M\u00fcnchen Deutschland E-Mail: hello@marie-eleonore-fotografie.com 2. [&hellip;]<\/p>","protected":false},"author":5,"featured_media":0,"parent":0,"menu_order":0,"comment_status":"closed","ping_status":"closed","template":"","meta":{"_et_pb_use_builder":"on","_et_pb_old_content":"","_et_gb_content_width":"","footnotes":""},"class_list":["post-7269","page","type-page","status-publish","hentry"],"_links":{"self":[{"href":"https:\/\/marie-eleonore-fotografie.com\/en\/wp-json\/wp\/v2\/pages\/7269","targetHints":{"allow":["GET"]}}],"collection":[{"href":"https:\/\/marie-eleonore-fotografie.com\/en\/wp-json\/wp\/v2\/pages"}],"about":[{"href":"https:\/\/marie-eleonore-fotografie.com\/en\/wp-json\/wp\/v2\/types\/page"}],"author":[{"embeddable":true,"href":"https:\/\/marie-eleonore-fotografie.com\/en\/wp-json\/wp\/v2\/users\/5"}],"replies":[{"embeddable":true,"href":"https:\/\/marie-eleonore-fotografie.com\/en\/wp-json\/wp\/v2\/comments?post=7269"}],"version-history":[{"count":3,"href":"https:\/\/marie-eleonore-fotografie.com\/en\/wp-json\/wp\/v2\/pages\/7269\/revisions"}],"predecessor-version":[{"id":7280,"href":"https:\/\/marie-eleonore-fotografie.com\/en\/wp-json\/wp\/v2\/pages\/7269\/revisions\/7280"}],"wp:attachment":[{"href":"https:\/\/marie-eleonore-fotografie.com\/en\/wp-json\/wp\/v2\/media?parent=7269"}],"curies":[{"name":"wp","href":"https:\/\/api.w.org\/{rel}","templated":true}]}}